{"id":264,"date":"2021-03-12T07:09:37","date_gmt":"2021-03-12T07:09:37","guid":{"rendered":"https:\/\/ingilizceyeminlitercume.com\/?page_id=264"},"modified":"2021-03-12T07:13:32","modified_gmt":"2021-03-12T07:13:32","slug":"felemenkce-tercume","status":"publish","type":"page","link":"https:\/\/ingilizceyeminlitercume.com\/en\/felemenkce-tercume\/","title":{"rendered":"Dutch Translation"},"content":{"rendered":"<p><strong>Dutch Translation<\/strong><br \/>\nLet&#039;s first get to know the language we translate with the Dutch Translation service. The Dutch language, known for its closeness to German, is the main language of the Netherlands and the Flemish region known as Northern Belgium. Dutch belongs to the Germanic language group of the Indo-European language family. Dutch also has dialects such as Flemish and Dutch. The dialect of Dutch spoken in Belgium is Flemish, and the dialect spoken in the Netherlands is Dutch. Dutch is currently spoken by 24 million people in the world. The foundations of Dutch come from German and English. In particular, the grammar of Dutch is very similar to German. The only major difference between it and German is that many words are formed by the combination of vowels in Dutch. The Dutch alphabet consists of Latin letters. The only difficulty of the Dutch language is the pronunciation of words, or rather letters. Although the Dutch language is similar to English and German, its pronunciation is very different. There are many letters in Dutch that are pronounced from the throat. Don&#039;t be afraid of the language family and features it is in, we are ready to help with Dutch translation.<\/p>\n<p><strong>Translation Makes Our Lives Easier<\/strong><br \/>\nThere are many languages spoken in the world, it is impossible to master all of them. While it is easier for people to reach each other in the developing world, do not let the problem of unknown languages get in the way. Let interpreting be a profession that provides a solution for your personal or institutional needs. Interpreters are with you so that language is not an obstacle for you during writing or speaking, but a means of communication. Whether it is daily texts or texts containing terms for your business life, do not worry about the translation, leave the job to the experts. Trust that the content of the texts will be translated correctly. Your life can be easier, more understandable, more organized, and more comfortable with translation. Dutch translation is with you for your personal or institutional texts.<\/p>\n<p><strong>Why Choose Us for Translation?<\/strong><br \/>\nTranslation is a meticulous job that requires careful examination. We do our job seriously with our expert translator staff. We translate the meanings of words in accordance with the integrity of the text, without losing meaning, and do not allow any question marks to remain in your mind. Grammar rules and punctuation marks are taken into consideration in translations. We comply with the specific characteristics of the translated language. It is not a problem whether your texts are general or terminological, we translate all of them as they should be. When the translations received are finished, they are checked repeatedly to minimize the margin of error. We complete the work that reaches us in the time you want and deliver it to you. Our duty is to make accurate and conscious translations for your satisfaction. The prices of the translations made vary according to the number of characters (letters) or words, the text content, and the shortness of the delivery time. Our services are friendly to the pockets as well as the languages. While the need for translation may occur in every period and area of your life, it is important to make a reliable choice for this. Our company is ready to serve with its educated and experienced staff who believe in themselves. By making your choice with us, you will not only receive quality service but also not strain your budget. We are here to satisfy you by translating your texts into Dutch.<\/p>\n<p><span style=\"color: #14b7cd;\"><strong>GENERAL INFORMATION<\/strong><\/span><\/p>\n<p>Dutch Passport translation,<\/p>\n<p>Dutch Identity Card (ID) translation,<\/p>\n<p>Translation of the Dutch population registration certificate,<\/p>\n<p>Dutch translation of the residence document (residence),<\/p>\n<p>Dutch Driving License translation<\/p>\n<p>Dutch Criminal Record translation,<\/p>\n<p>Translation of Dutch Birth Certificate (Formula A),<\/p>\n<p>Translation of Dutch Marriage Certificate (Formula B),<\/p>\n<p>Dutch Diploma translation,<\/p>\n<p>Dutch Transcript translation,<\/p>\n<p>Dutch Death Certificate translation etc.<\/p>\n<p>[\/one_third]<\/p>\n<div class='content-column one_third'><p><strong><span style=\"color: #14b7cd;\">LEGAL DOCUMENTS<\/span><\/strong><\/p>\n<p>Translation of Dutch Notary documents,<\/p>\n<p>Dutch Power of Attorney translation,<\/p>\n<p>Dutch Consent translation,<\/p>\n<p>Dutch translation of the Letter of Undertaking,<\/p>\n<p>Translation of the Dutch Court Decision,<\/p>\n<p>Dutch Divorce decision translation,<\/p>\n<p>Translation of the Dutch Procedure report,<\/p>\n<p>Dutch translation of reasoned decisions,<\/p>\n<p>Dutch Notification translation,<\/p>\n<p>Translation of the notification request in Dutch,<\/p>\n<p>Dutch Form 184 translation,<\/p>\n<p>Dutch rogatory translation etc.<\/p><\/div>\n<div class='content-column one_third last_column'><p><span style=\"color: #14b7cd;\"><strong>COMPANY DOCUMENTS<\/strong><\/span><\/p>\n<p>Dutch Agreement translation,<\/p>\n<p>Translation of the Dutch Trade Registry Gazette,<\/p>\n<p>Dutch Activity Certificate translation,<\/p>\n<p>Dutch Chamber Registration translation,<\/p>\n<p>Dutch SGK Statement translation,<\/p>\n<p>Dutch Catalogue translation,<\/p>\n<p>Dutch Website translation,<\/p>\n<p>Dutch User Manual etc.<\/p><\/div><div class='clear_column'><\/div>","protected":false},"excerpt":{"rendered":"<p>Felemenk\u00e7e Terc\u00fcme Felemenk\u00e7e Terc\u00fcme hizmeti ile \u00e7evirilerini yapt\u0131\u011f\u0131m\u0131z dili tan\u0131yal\u0131m \u00f6ncelikle. Almanca\u2019ya olan yak\u0131nl\u0131\u011f\u0131yla bilinen Felemenk\u00e7e dili Hollanda ve Felemenk b\u00f6lgesi olarak bilinen Kuzey Bel\u00e7ika\u2019n\u0131n ana dilidir. Felemenk\u00e7e Hint-Avrupa dil ailesinin Cermen dil grubuna mensuptur. Felemenk\u00e7e\u2019nin ayn\u0131 zamanda Flamanca ve Hollandaca gibi leh\u00e7eleri vard\u0131r. Felemenk\u00e7enin Bel\u00e7ika&#8217;da konu\u015fulan leh\u00e7esi Flamanca, Hollanda\u2019da konu\u015fulan leh\u00e7esi Hollandacad\u0131r. Felemenk\u00e7eyi \u015fu [&hellip;]<\/p>","protected":false},"author":1,"featured_media":0,"parent":0,"menu_order":0,"comment_status":"closed","ping_status":"closed","template":"","meta":{"footnotes":""},"class_list":["post-264","page","type-page","status-publish","hentry","entry"],"_links":{"self":[{"href":"https:\/\/ingilizceyeminlitercume.com\/en\/wp-json\/wp\/v2\/pages\/264","targetHints":{"allow":["GET"]}}],"collection":[{"href":"https:\/\/ingilizceyeminlitercume.com\/en\/wp-json\/wp\/v2\/pages"}],"about":[{"href":"https:\/\/ingilizceyeminlitercume.com\/en\/wp-json\/wp\/v2\/types\/page"}],"author":[{"embeddable":true,"href":"https:\/\/ingilizceyeminlitercume.com\/en\/wp-json\/wp\/v2\/users\/1"}],"replies":[{"embeddable":true,"href":"https:\/\/ingilizceyeminlitercume.com\/en\/wp-json\/wp\/v2\/comments?post=264"}],"version-history":[{"count":3,"href":"https:\/\/ingilizceyeminlitercume.com\/en\/wp-json\/wp\/v2\/pages\/264\/revisions"}],"predecessor-version":[{"id":268,"href":"https:\/\/ingilizceyeminlitercume.com\/en\/wp-json\/wp\/v2\/pages\/264\/revisions\/268"}],"wp:attachment":[{"href":"https:\/\/ingilizceyeminlitercume.com\/en\/wp-json\/wp\/v2\/media?parent=264"}],"curies":[{"name":"wp","href":"https:\/\/api.w.org\/{rel}","templated":true}]}}