{"id":29,"date":"2021-01-28T01:30:22","date_gmt":"2021-01-28T01:30:22","guid":{"rendered":"https:\/\/ingilizceyeminlitercume.com\/?page_id=29"},"modified":"2021-03-15T07:54:24","modified_gmt":"2021-03-15T07:54:24","slug":"fiyatlandirma","status":"publish","type":"page","link":"https:\/\/ingilizceyeminlitercume.com\/en\/fiyatlandirma\/","title":{"rendered":"Pricing"},"content":{"rendered":"<p><strong>Pricing in Translation<\/strong><br \/>\nA few important factors are taken into account when pricing the translation. First of all, as in different markets, translation prices are basically determined by supply and demand. The higher the number of translators who translate into a single language, the lower the translation fees for that language. Similarly, the higher the demand for translation related to a language, the higher the price. For example, since there are many translators in English, translation fees for this language remain low compared to others, while translation prices for Chinese are relatively higher. Written translation prices are low, while interpreting prices are high.<br \/>\nAnother factor for pricing in translation is the content of the text. For example, medical texts will be more expensive than general texts, as they will require expertise and field knowledge as well as foreign language knowledge.<\/p>\n<p><strong>How Are Fees Calculated in Written Translations?<\/strong><br \/>\nIn the translation industry, unit prices are determined in Turkish lira per word or per thousand characters. The common usage is &quot;Thousand characters x Turkish Lira&quot;.<br \/>\nIn oral translation, the prices are determined as a daily fee in Turkish Lira.<br \/>\nA thousand characters without spaces are calculated as one page. Character counting can be done thanks to the Tools \/ Word Count Word Count \/ Character (without spaces) option in Microsoft Word.<br \/>\nIn translation, works with less than one thousand characters without spaces in the pricing scope are considered as one page.<br \/>\nNihai terc\u00fcme hizmeti \u00fccretleri her bin karakterle birim fiyat\u0131n\u0131n \u00e7arp\u0131lmas\u0131 neticesinde elde edilmektedir. Terc\u00fcme sekt\u00f6r\u00fcnde KDV y\u00fczdesi %18 oldu\u011fu i\u00e7in, bu rakama KDV ilave edilmektedir.<br \/>\nSome of the translation offices are based on the source language, while some of the companies are based on the target language. The common practice is to multiply the unit price by the number of characters in the target language, i.e. the final text.<\/p>\n<p><strong>Pricing in Simultaneous Translation<\/strong><br \/>\nAlthough pricing is higher in simultaneous interpretation, a minimum of two translators are assigned for simultaneous interpretation needs exceeding one hour. Simultaneous interpretation processes are the simultaneous interpretation of the interpreter with the speaker through the sound system in a cabin. The fees for this type of translation also vary greatly on the basis of languages. The most important reason for these differences is that the number of interpreters who can do simultaneous interpreting in that language is low or high.<\/p>\n<p><strong>Calculation of Academic Translation Prices<\/strong><br \/>\nAcademic translations are a field that is generally needed by academics working at universities. This field, which is the subject of research, requires a specialization by its nature. For this reason, this area of expertise should be taken into account when pricing academic translation, and expert translators who can translate at a professional level should be preferred. The unit prices of academic translators vary depending on the nature of the job.<\/p>\n<p><strong>Pricing in Notary Sworn Translation<\/strong><br \/>\nWhile pricing the sworn translation, the approval fees received from the notary are calculated depending on the number of texts in the document and the number of pages.<br \/>\nWhile calculating the translation fees of standard documents such as passports, diplomas, student certificates, identity cards, marriage certificates, and birth certificates, the standard base price was not determined. While calculating the fee at the notary publics, a receipt is charged for approximately one thousand characters, that is, 50 letters per line, and one page for every 20 lines.<\/p>\n<p>Terc\u00fcme fiyatlar\u0131na %18 KDV, Noter, Apostil, D\u0131\u015f \u0130\u015fleri Bakanl\u0131\u011f\u0131, B\u00fcy\u00fckel\u00e7ilik veya Konsolosluk tasdik bedelleri dahil de\u011fildir.<\/p>\n<p>Special prices are applied to our customers who work with an annual agreement.<\/p>\n<p>There is a special discount for your documents of 100,000 characters or more.<\/p>\n<p>If you wish, your sworn translations will be delivered to your address by cargo.<\/p>\n<p>For detailed information on pricing, please\u00a0<u><a href=\"mailto:info@ingilizceyeminlitercume.com\">contact us.<\/a><\/u><\/p>\n<p>Please send your file via e-mail to info@ibreceyeminlitercume.com for the pricing of the file you will request to be translated, and you will be informed via the same e-mail as soon as possible.<\/p>","protected":false},"excerpt":{"rendered":"<p>Pricing in Translation: Pricing in translation is based on a few important factors. First of all, as in different markets, translation prices are basically determined by supply and demand. The more translators who translate a single language, the lower the translation fees for that language. Similarly, the greater the demand for translation for a language, the higher the prices [...]<\/p>","protected":false},"author":1,"featured_media":0,"parent":0,"menu_order":0,"comment_status":"closed","ping_status":"closed","template":"","meta":{"footnotes":""},"class_list":["post-29","page","type-page","status-publish","hentry","entry"],"_links":{"self":[{"href":"https:\/\/ingilizceyeminlitercume.com\/en\/wp-json\/wp\/v2\/pages\/29","targetHints":{"allow":["GET"]}}],"collection":[{"href":"https:\/\/ingilizceyeminlitercume.com\/en\/wp-json\/wp\/v2\/pages"}],"about":[{"href":"https:\/\/ingilizceyeminlitercume.com\/en\/wp-json\/wp\/v2\/types\/page"}],"author":[{"embeddable":true,"href":"https:\/\/ingilizceyeminlitercume.com\/en\/wp-json\/wp\/v2\/users\/1"}],"replies":[{"embeddable":true,"href":"https:\/\/ingilizceyeminlitercume.com\/en\/wp-json\/wp\/v2\/comments?post=29"}],"version-history":[{"count":9,"href":"https:\/\/ingilizceyeminlitercume.com\/en\/wp-json\/wp\/v2\/pages\/29\/revisions"}],"predecessor-version":[{"id":237,"href":"https:\/\/ingilizceyeminlitercume.com\/en\/wp-json\/wp\/v2\/pages\/29\/revisions\/237"}],"wp:attachment":[{"href":"https:\/\/ingilizceyeminlitercume.com\/en\/wp-json\/wp\/v2\/media?parent=29"}],"curies":[{"name":"wp","href":"https:\/\/api.w.org\/{rel}","templated":true}]}}