{"id":45,"date":"2021-01-28T01:43:32","date_gmt":"2021-01-28T01:43:32","guid":{"rendered":"https:\/\/ingilizceyeminlitercume.com\/?page_id=45"},"modified":"2021-03-11T11:55:24","modified_gmt":"2021-03-11T11:55:24","slug":"almanca-tercume","status":"publish","type":"page","link":"https:\/\/ingilizceyeminlitercume.com\/en\/almanca-tercume\/","title":{"rendered":"German Translation"},"content":{"rendered":"<p style=\"text-align: justify;\"><strong>German Translation<\/strong><br \/>\nThe German language, one of the world languages, is used by more than 100 million people. Germany, which is one of the countries receiving the most immigration in the world, receives high immigration from our country, and due to the developed industry of the country, it can offer a large number of job opportunities and employ people. With the high number of brain and body migration between countries, the translation profession has developed and gained importance. German translation is done in oral or written form.<\/p>\n<p style=\"text-align: justify;\"><strong>About German<\/strong><br \/>\nA common language in the world, German is used by 110 \u2013 120 million people. Every race has a language, every language has a history. Just as Turkish comes from the Altaic branch of the Ural-Altaic language family, German comes from the Germanic branch of the Indo-European languages.<\/p>\n<p style=\"text-align: justify;\"><strong>Importance of German Translation<\/strong><br \/>\nAlmanca eserler, Almanca i\u015f ortakl\u0131\u011f\u0131 teklifleri, Almanca makaleler vb. bir\u00e7ok yaz\u0131 tam anlam\u0131yla dilimizde kar\u015f\u0131l\u0131\u011f\u0131n\u0131 buldu\u011fu \u015fekilde \u00e7evrilmedi\u011finde terc\u00fcmede yanl\u0131\u015fl\u0131klar ortaya \u00e7\u0131kabilir. Google \u00fczerinden ya da farkl\u0131 sitelerden \u00e7eviri yapmak \u00f6nemli konularda tercih edilmemelidir. Online \u00e7eviri siteleri, s\u00f6zl\u00fckler vb. \u00e7evirilerden yararlanarak elde edilen \u00e7eviriler %100 do\u011fru sonu\u00e7 vermemektedir. Bu da as\u0131l anlat\u0131lmak istenenin yanl\u0131\u015f anla\u015f\u0131lmas\u0131na sebep olabilmektedir. \u00d6nemli bilimsel makaleler i\u00e7eren yaz\u0131lar i\u00e7in kesinlikle dile hakim terc\u00fcmanlara ihtiya\u00e7 vard\u0131r.<br \/>\nFor German translation, it is important to find a translator with accurate results and a suitable and inexpensive translator. Our office works with native German translators and delivers your texts first hand. Our translators, who lived there and have a good command of German culture, can translate the translations you need in the shortest possible time, thanks to the advantage of having a good command of the languages of both countries.<br \/>\nImportant business partnerships can be signed with the developed industry of Germany and the developing industry of our country. A joint company, factory work can be done and relief funds can be established together. For this reason, people need to use the same language in order to communicate. This common language can be Turkish or German. In German translation, translations are not limited to only German to Turkish. This language to be translated can be in the form of a translation from German to English or a translation from English to German. The quality of the translations is very important. In addition to the importance of translation quality, its economic cost is also important.<br \/>\nHow much do translations cost? How is the translation cost calculated? These are one of the most basic questions that people who want to have their writings translated are curious and researched.<\/p>\n<p><strong>Translation Cost<\/strong><br \/>\nGerman translation prices do not vary according to the document that the person wants to have translated and the difficulty of the work. German translation prices vary according to the word to be translated, the sentence to be translated and the number of pages to be translated.<br \/>\nDocuments that can be translated into German-Turkish<br \/>\nThe documents to be translated into German - Turkish may vary according to the needs of the person, but still, for example:<br \/>\n\u2022 German agreement texts,<br \/>\n\u2022 German marriage certificates,<br \/>\n\u2022 German novels,<br \/>\n\u2022 German user manuals,<br \/>\n\u2022 German scientific articles,<br \/>\n\u2022 German news texts are available.<\/p>\n<div class=\"fusion-layout-column fusion_builder_column fusion_builder_column_1_4 fusion-builder-column-6 fusion-one-fourth 1_4\" style=\"text-align: justify;\">\n<div class=\"fusion-column-wrapper\" data-bg-url=\"\">\n<div class=\"fusion-text\">\n<div class='content-column one_third'><p><strong>GENERAL INFORMATION<\/strong><\/p>\n<p>English Passport translation,<\/p>\n<p>English Identity Card (ID) translation,<\/p>\n<p>English translation of the birth certificate,<\/p>\n<p>English Domicile document (residence) translation,<\/p>\n<p>English Driver&#039;s License translation<\/p>\n<p>English Criminal Records Translation,<\/p>\n<p>English Birth Certificate (Formula A) translation,<\/p>\n<p>English Marriage Certificate (Formula B) translation,<\/p>\n<p>English Diploma translation,<\/p>\n<p>English transcript translation,<\/p>\n<p>English Death Certificate translation etc.<\/p><\/div>\n<div class='content-column one_third'><p><strong>LEGAL DOCUMENTS<\/strong><\/p>\n<p>English notary documents translation,<\/p>\n<p>English Power of Attorney translation,<\/p>\n<p>English consent letter translation,<\/p>\n<p>English Commitment translation,<\/p>\n<p>English court decision translation,<\/p>\n<p>English Divorce decision translation,<\/p>\n<p>Translation of English Tensip Minute,<\/p>\n<p>English reasoned decision translation,<\/p>\n<p>English Notification Translation,<\/p>\n<p>English Notification Request translation,<\/p>\n<p>English translation of Form 184,<\/p>\n<p>English rogatory translation etc.<\/p><\/div>\n<div class='content-column one_third last_column'><p><strong>COMPANY DOCUMENTS<\/strong><\/p>\n<p>English Contract translation,<\/p>\n<p>English Trade Registry Gazette translation,<\/p>\n<p>English Certificate of Activity translation,<\/p>\n<p>English Chamber Registration translation,<\/p>\n<p>English SSI Statement translation,<\/p>\n<p>English Catalog translation,<\/p>\n<p>English Website Translation,<\/p>\n<p>English User Manual etc.<\/p><\/div><div class='clear_column'><\/div>\n<p>&nbsp;<\/p>\n<div class='content-column one_third'><p><strong>ACADEMIC AND LITERATURE<\/strong><\/p>\n<p>English Thesis translation,<\/p>\n<p>English article translation,<\/p>\n<p>English book translation,<\/p>\n<p>English Journal translation etc.<\/p><\/div>\n<div class='content-column one_third'><p><strong>FINANCIAL<\/strong><\/p>\n<div class=\"fusion-layout-column fusion_builder_column fusion_builder_column_1_4 fusion-builder-column-10 fusion-one-fourth 1_4\">\n<div class=\"fusion-column-wrapper\" data-bg-url=\"\">\n<div class=\"fusion-text\">\n<p>English Bank Documents translation,<\/p>\n<p>English translation of Credit Agreements,<\/p>\n<p>English Balance Sheet translation,<\/p>\n<p>English Trial Translation,<\/p>\n<p>Translation of English Income and Expense Statements etc.<\/p>\n<\/div>\n<\/div>\n<\/div><\/div>\n<div class='content-column one_third last_column'><p><strong>MEDICAL<\/strong><\/p>\n<p>English Report translation,<\/p>\n<p>English Epicrisis translation,<\/p>\n<p>English Prospectus translation,<\/p>\n<p>English Medical Article translation,<\/p>\n<p>Translation of English Medical Product Brochures etc.<\/p><\/div><div class='clear_column'><\/div>\n<\/div>\n<\/div>\n<\/div>\n<div class=\"fusion-layout-column fusion_builder_column fusion_builder_column_1_4 fusion-builder-column-11 fusion-one-fourth fusion-column-last 1_4\">\n<div class=\"fusion-column-wrapper\" data-bg-url=\"\">\n<div class=\"fusion-text\">\n<p style=\"text-align: justify;\">\n<\/div>\n<\/div>\n<\/div>","protected":false},"excerpt":{"rendered":"<p>German Translation German, one of the world languages, is used by more than 100 million people. Germany, which is one of the countries that receive the most immigrants in the world, also receives high immigration from our country and can offer many job opportunities and employ people due to the developed industry of the country. With the high number of brain and body migration between countries, the profession of translation has developed and [...]<\/p>","protected":false},"author":1,"featured_media":0,"parent":0,"menu_order":0,"comment_status":"closed","ping_status":"closed","template":"","meta":{"footnotes":""},"class_list":["post-45","page","type-page","status-publish","hentry","entry"],"_links":{"self":[{"href":"https:\/\/ingilizceyeminlitercume.com\/en\/wp-json\/wp\/v2\/pages\/45","targetHints":{"allow":["GET"]}}],"collection":[{"href":"https:\/\/ingilizceyeminlitercume.com\/en\/wp-json\/wp\/v2\/pages"}],"about":[{"href":"https:\/\/ingilizceyeminlitercume.com\/en\/wp-json\/wp\/v2\/types\/page"}],"author":[{"embeddable":true,"href":"https:\/\/ingilizceyeminlitercume.com\/en\/wp-json\/wp\/v2\/users\/1"}],"replies":[{"embeddable":true,"href":"https:\/\/ingilizceyeminlitercume.com\/en\/wp-json\/wp\/v2\/comments?post=45"}],"version-history":[{"count":10,"href":"https:\/\/ingilizceyeminlitercume.com\/en\/wp-json\/wp\/v2\/pages\/45\/revisions"}],"predecessor-version":[{"id":253,"href":"https:\/\/ingilizceyeminlitercume.com\/en\/wp-json\/wp\/v2\/pages\/45\/revisions\/253"}],"wp:attachment":[{"href":"https:\/\/ingilizceyeminlitercume.com\/en\/wp-json\/wp\/v2\/media?parent=45"}],"curies":[{"name":"wp","href":"https:\/\/api.w.org\/{rel}","templated":true}]}}