{"id":66,"date":"2021-02-01T13:48:29","date_gmt":"2021-02-01T13:48:29","guid":{"rendered":"https:\/\/ingilizceyeminlitercume.com\/?page_id=66"},"modified":"2023-03-29T15:52:13","modified_gmt":"2023-03-29T15:52:13","slug":"iletisim","status":"publish","type":"page","link":"https:\/\/ingilizceyeminlitercume.com\/en\/iletisim\/","title":{"rendered":"Contact"},"content":{"rendered":"<h5>Address<\/h5>\n<p>1. OSB. Ahi Evran Mahallesi ASO Bulvar\u0131 Sinova \u0130\u015f Merkezi Kat: 1 No: 4\/52 Sincan\/ANKARA<\/p>\n<h5>Phone, Fax &amp; GSM<\/h5>\n<p><strong>Phone 1:<\/strong> <a href=\"tel: 90 312 267 17 47\">(+90) 312 267 17 47<\/a><\/p>\n<p><strong>Phone 2:<\/strong> <a href=\"tel: 90 312 267 17 47\">(+90) 312 267 17 48<\/a><\/p>\n<p><strong>GSM :<\/strong> <a href=\"tel: 90 545 267 17 47\">(+90) 545 267 17 47<\/a><\/p>\n<h5>Email<\/h5>\n<p>info@englishyeminlitercume.com<\/p>","protected":false},"excerpt":{"rendered":"<p>Address 1. OSB. Ahi Evran Mahallesi ASO Boulevard Sinova Business Center Floor: 1 No: 4\/52 Sincan\/ANKARA Telephone, Fax &amp; GSM TEL-1: (+90) 312 267 17 47 TEL-2: (+90) 312 267 17 48 GSM: (+90) 545 267 17 47 E-Mail info@ingilizceyeminlitercume.com<\/p>","protected":false},"author":1,"featured_media":0,"parent":0,"menu_order":0,"comment_status":"closed","ping_status":"closed","template":"","meta":{"footnotes":""},"class_list":["post-66","page","type-page","status-publish","hentry","entry"],"_links":{"self":[{"href":"https:\/\/ingilizceyeminlitercume.com\/en\/wp-json\/wp\/v2\/pages\/66","targetHints":{"allow":["GET"]}}],"collection":[{"href":"https:\/\/ingilizceyeminlitercume.com\/en\/wp-json\/wp\/v2\/pages"}],"about":[{"href":"https:\/\/ingilizceyeminlitercume.com\/en\/wp-json\/wp\/v2\/types\/page"}],"author":[{"embeddable":true,"href":"https:\/\/ingilizceyeminlitercume.com\/en\/wp-json\/wp\/v2\/users\/1"}],"replies":[{"embeddable":true,"href":"https:\/\/ingilizceyeminlitercume.com\/en\/wp-json\/wp\/v2\/comments?post=66"}],"version-history":[{"count":12,"href":"https:\/\/ingilizceyeminlitercume.com\/en\/wp-json\/wp\/v2\/pages\/66\/revisions"}],"predecessor-version":[{"id":296,"href":"https:\/\/ingilizceyeminlitercume.com\/en\/wp-json\/wp\/v2\/pages\/66\/revisions\/296"}],"wp:attachment":[{"href":"https:\/\/ingilizceyeminlitercume.com\/en\/wp-json\/wp\/v2\/media?parent=66"}],"curies":[{"name":"wp","href":"https:\/\/api.w.org\/{rel}","templated":true}]}}